{"id":6066,"date":"2023-04-19T06:54:03","date_gmt":"2023-04-19T06:54:03","guid":{"rendered":"https:\/\/lagedo.com.tr\/yeni\/?page_id=6066"},"modified":"2023-05-10T12:02:25","modified_gmt":"2023-05-10T12:02:25","slug":"contact","status":"publish","type":"page","link":"https:\/\/lagedo.com.tr\/en\/contact\/","title":{"rendered":"Contact"},"content":{"rendered":"<div data-elementor-type=\"wp-page\" data-elementor-id=\"6066\" class=\"elementor elementor-6066\">\n\t\t\t\t\t\t\t        <section class=\"elementor-section elementor-top-section elementor-element elementor-element-2fc0640 elementor-section-boxed elementor-section-height-default elementor-section-height-default cms-boxed-bg-false\" data-id=\"2fc0640\" data-element_type=\"section\">\r\n\t\t\r\n\t\t<div class=\"cms-section-boxed-bg\"><\/div>        <div class=\"elementor-container elementor-column-gap-default\" >\r\n\t\t        <div class=\"elementor-column elementor-col-33 elementor-top-column elementor-element elementor-element-bff3f11\" data-id=\"bff3f11\" data-element_type=\"column\">\r\n        <div class=\"elementor-widget-wrap elementor-element-populated\">\r\n                        \t\t<div class=\"elementor-element elementor-element-81d4d7c cms-quick-contact-layout-10 elementor-widget elementor-widget-cms_quickcontact\" data-id=\"81d4d7c\" data-element_type=\"widget\" data-widget_type=\"cms_quickcontact.default\">\n\t\t\t\t<div class=\"elementor-widget-container\">\n\t\t\t<div class=\"cms-qc-wrap\">\n\t<div class=\"cms-qc-inner p-30 p-lg-60\">\n\t\t<div class=\"row justify-content-center text-body\">\n\t\t\t\t\t<div class=\"cms-qc-list col-12 text-\">\n\t\t\t\t<div class=\"row gutters-10 align-items-center\">\n\t\t\t\t\t<div class=\"col-auto empty-none\"><\/div>\n\t\t\t        <div class=\"col empty-none\">\n\t\t\t        \t<div>\n\t\t\t        \t\t<div class=\"cms-heading text-17 cms-contact-title empty-none\">Address:<\/div>\n\t\t\t        \t\tAc\u0131su Mah., \u015eehit \u00d6mer Halisdemir Cad. No:7, 41080 Kartepe<\/div>\n\t\t\t        \t<div><div class=\"cms-heading text-17 cms-contact-title empty-none\"><\/div> Kocaeli T\u00dcRK\u0130YE<\/div>\n\t\t\t        <\/div>\n\t\t\t    <\/div>\n\t\t    <\/div>      \n\t\t\t\t\t<div class=\"cms-qc-list col-12 text-\">\n\t\t\t\t<div class=\"row gutters-10 align-items-center\">\n\t\t\t\t\t<div class=\"col-auto empty-none\"><\/div>\n\t\t\t        <div class=\"col empty-none\">\n\t\t\t        \t<div>\n\t\t\t        \t\t<div class=\"cms-heading text-17 cms-contact-title empty-none\">E-mail<\/div>\n\t\t\t        \t\tinfo@lagedo.com.tr<\/div>\n\t\t\t        \t<div><div class=\"cms-heading text-17 cms-contact-title empty-none\"><\/div> satis@lagedo.com.tr<\/div>\n\t\t\t        <\/div>\n\t\t\t    <\/div>\n\t\t    <\/div>      \n\t\t\t\t\t<div class=\"cms-qc-list col-12 text-\">\n\t\t\t\t<div class=\"row gutters-10 align-items-center\">\n\t\t\t\t\t<div class=\"col-auto empty-none\"><\/div>\n\t\t\t        <div class=\"col empty-none\">\n\t\t\t        \t<div>\n\t\t\t        \t\t<div class=\"cms-heading text-17 cms-contact-title empty-none\">Telephone<\/div>\n\t\t\t        \t\tT: +90 262 503 01 88<\/div>\n\t\t\t        \t<div><div class=\"cms-heading text-17 cms-contact-title empty-none\"><\/div> M: +90 535 525 66 95<\/div>\n\t\t\t        <\/div>\n\t\t\t    <\/div>\n\t\t    <\/div>      \n\t\t\t\t\t<div class=\"cms-qc-list col-12 text-\">\n\t\t\t\t<div class=\"row gutters-10 align-items-center\">\n\t\t\t\t\t<div class=\"col-auto empty-none\"><\/div>\n\t\t\t        <div class=\"col empty-none\">\n\t\t\t        \t<div>\n\t\t\t        \t\t<div class=\"cms-heading text-17 cms-contact-title empty-none\">Sales Team<\/div>\n\t\t\t        \t\t+90 535 417 23 52 <\/div>\n\t\t\t        \t<div><div class=\"cms-heading text-17 cms-contact-title empty-none\"><\/div> +90 538 253 60 32<\/div>\n\t\t\t        <\/div>\n\t\t\t    <\/div>\n\t\t    <\/div>      \n\t\t\t\t\t<div class=\"cms-qc-list col-12 text-\">\n\t\t\t\t<div class=\"row gutters-10 align-items-center\">\n\t\t\t\t\t<div class=\"col-auto empty-none\"><\/div>\n\t\t\t        <div class=\"col empty-none\">\n\t\t\t        \t<div>\n\t\t\t        \t\t<div class=\"cms-heading text-17 cms-contact-title empty-none\">Working hours<\/div>\n\t\t\t        \t\tMonday - Friday<\/div>\n\t\t\t        \t<div><div class=\"cms-heading text-17 cms-contact-title empty-none\"><\/div> 08:00 - 18:00<\/div>\n\t\t\t        <\/div>\n\t\t\t    <\/div>\n\t\t    <\/div>      \n\t\t\t\t<\/div>\n\t\t\t<\/div>\n<\/div>\t\t<\/div>\n\t\t\t\t<\/div>\n\t\t        <\/div>\r\n        <\/div>\r\n                <div class=\"elementor-column elementor-col-66 elementor-top-column elementor-element elementor-element-3dabe35 pl-xl-100\" data-id=\"3dabe35\" data-element_type=\"column\">\r\n        <div class=\"elementor-widget-wrap elementor-element-populated\">\r\n                        \t\t<div class=\"elementor-element elementor-element-fa72f6a cms-cf7-layout-3 elementor-widget elementor-widget-cms_ctf7\" data-id=\"fa72f6a\" data-element_type=\"widget\" data-widget_type=\"cms_ctf7.default\">\n\t\t\t\t<div class=\"elementor-widget-container\">\n\t\t\t    <div id=\"cms_ctf7-fa72f6a\" class=\"cms-cf7\">\r\n        <div class=\"cms-cf7-inner\">                <div class=\"cms-form-heading cms-heading text-24 font-500 mt-n12\">Contact Form<\/div>\r\n                        <div class=\"pt-20\">\n<div class=\"wpcf7 no-js\" id=\"wpcf7-f6263-o1\" lang=\"en-US\" dir=\"ltr\">\n<div class=\"screen-reader-response\"><p role=\"status\" aria-live=\"polite\" aria-atomic=\"true\"><\/p> <ul><\/ul><\/div>\n<form action=\"\/en\/wp-json\/wp\/v2\/pages\/6066#wpcf7-f6263-o1\" method=\"post\" class=\"wpcf7-form init\" aria-label=\"Contact form\" novalidate=\"novalidate\" data-status=\"init\" data-trp-original-action=\"\/en\/wp-json\/wp\/v2\/pages\/6066#wpcf7-f6263-o1\">\n<div style=\"display: none;\">\n<input type=\"hidden\" name=\"_wpcf7\" value=\"6263\" \/>\n<input type=\"hidden\" name=\"_wpcf7_version\" value=\"5.7.4\" \/>\n<input type=\"hidden\" name=\"_wpcf7_locale\" value=\"en_US\" \/>\n<input type=\"hidden\" name=\"_wpcf7_unit_tag\" value=\"wpcf7-f6263-o1\" \/>\n<input type=\"hidden\" name=\"_wpcf7_container_post\" value=\"0\" \/>\n<input type=\"hidden\" name=\"_wpcf7_posted_data_hash\" value=\"\" \/>\n<\/div>\n<div class=\"row\">\n\t<div class=\"col-lg-6 mb-30\">\n\t\t<p><span class=\"wpcf7-form-control-wrap\" data-name=\"your-name\"><input size=\"40\" class=\"wpcf7-form-control wpcf7-text wpcf7-validates-as-required\" aria-required=\"true\" aria-invalid=\"false\" placeholder=\"Name\" value=\"\" type=\"text\" name=\"your-name\" \/><\/span>\n\t\t<\/p>\n\t<\/div>\n\t<div class=\"col-lg-6 mb-30\">\n\t\t<p><span class=\"wpcf7-form-control-wrap\" data-name=\"your-email\"><input size=\"40\" class=\"wpcf7-form-control wpcf7-text wpcf7-email wpcf7-validates-as-required wpcf7-validates-as-email\" aria-required=\"true\" aria-invalid=\"false\" placeholder=\"E-Mail\" value=\"\" type=\"email\" name=\"your-email\" \/><\/span>\n\t\t<\/p>\n\t<\/div>\n\t<div class=\"col-lg-6 mb-30\">\n\t\t<p><span class=\"wpcf7-form-control-wrap\" data-name=\"phone\"><input size=\"40\" class=\"wpcf7-form-control wpcf7-text wpcf7-tel wpcf7-validates-as-required wpcf7-validates-as-tel\" aria-required=\"true\" aria-invalid=\"false\" placeholder=\"Phone Number\" value=\"\" type=\"tel\" name=\"phone\" \/><\/span>\n\t\t<\/p>\n\t<\/div>\n\t<div class=\"col-lg-6 mb-30\">\n\t\t<p><span class=\"wpcf7-form-control-wrap\" data-name=\"services\"><select class=\"wpcf7-form-control wpcf7-select wpcf7-validates-as-required\" aria-required=\"true\" aria-invalid=\"false\" name=\"services\"><option value=\"\">Please select<\/option><option value=\"Information\">Information<\/option><option value=\"Query\">Query<\/option><option value=\"Request\">Request<\/option><option value=\"Suggestion\">Suggestion<\/option><option value=\"Complaint\">Complaint<\/option><option value=\"Thank you\">Thank you<\/option><\/select><\/span>\n\t\t<\/p>\n\t<\/div>\n\t<div class=\"col-lg-12 mb-30\">\n\t\t<p><span class=\"wpcf7-form-control-wrap\" data-name=\"your-message\"><textarea cols=\"40\" rows=\"10\" class=\"wpcf7-form-control wpcf7-textarea\" aria-invalid=\"false\" placeholder=\"Please enter your message\" name=\"your-message\"><\/textarea><\/span>\n\t\t<\/p>\n\t<\/div>\n\t<div class=\"col-12\">\n\t\t<p><button class=\"wpcf7-form-control wpcf7-submit btn btn-primary btn-lg\" type=\"submit\"><span class=\"cms-btn-content\"><span class=\"wpcf7-submit-icon cms-btn-icon cmsi-arrow-circle-right rtl-flip\"><\/span><span class=\"cms-btn-text\">Send<\/span><\/span><\/button>\n\t\t<\/p>\n\t<\/div>\n<\/div><div class=\"wpcf7-response-output\" aria-hidden=\"true\"><\/div>\n<input type=\"hidden\" name=\"trp-form-language\" value=\"en\"\/><\/form>\n<\/div>\n<\/div>\r\n        <\/div>\r\n    <\/div>\r\n\t\t<\/div>\n\t\t\t\t<\/div>\n\t\t        <\/div>\r\n        <\/div>\r\n        \t\t        <\/div>\r\n        <\/section>\r\n\t\t        <section class=\"elementor-section elementor-top-section elementor-element elementor-element-164a6d1 elementor-section-full_width elementor-section-stretched p-0 elementor-section-height-default elementor-section-height-default cms-full-content-with-space-none cms-boxed-bg-false\" data-id=\"164a6d1\" data-element_type=\"section\" data-settings=\"{&quot;stretch_section&quot;:&quot;section-stretched&quot;}\">\r\n\t\t\r\n\t\t<div class=\"cms-section-boxed-bg\"><\/div>        <div class=\"elementor-container elementor-column-gap-no\" >\r\n\t\t        <div class=\"elementor-column elementor-col-100 elementor-top-column elementor-element elementor-element-fd1e332\" data-id=\"fd1e332\" data-element_type=\"column\">\r\n        <div class=\"elementor-widget-wrap elementor-element-populated\">\r\n                        \t\t<div class=\"elementor-element elementor-element-860d52c elementor-widget elementor-widget-html\" data-id=\"860d52c\" data-element_type=\"widget\" data-widget_type=\"html.default\">\n\t\t\t\t<div class=\"elementor-widget-container\">\n\t\t\t<iframe src=\"https:\/\/www.google.com\/maps\/embed?pb=!1m14!1m8!1m3!1d24190.081012533883!2d30.107456604785135!3d40.72329677271494!3m2!1i1024!2i768!4f13.1!3m3!1m2!1s0x14cb570119b810bf%3A0x766908a87df127c3!2zTEFHRURPIEdFUsSwIETDlk7DnMWew5xNIMOHw5Zaw5xNTEVSxLAgRU5FUkrEsCBWRSBNQURFTkPEsEzEsEsgREnFniBUxLBDLiBBLsWe!5e0!3m2!1str!2str!4v1681116232897!5m2!1str!2str\" width=\"600\" height=\"650\" style=\"border:0;\" allowfullscreen=\"\" loading=\"lazy\" referrerpolicy=\"no-referrer-when-downgrade\"><\/iframe>\t\t<\/div>\n\t\t\t\t<\/div>\n\t\t        <\/div>\r\n        <\/div>\r\n        \t\t        <\/div>\r\n        <\/section>\r\n\t\t\t\t\t\t\t<\/div>","protected":false},"excerpt":{"rendered":"<p>Address: Ac\u0131su Mah., \u015eehit \u00d6mer Halisdemir Cad. No:7, 41080 Kartepe Kocaeli T\u00dcRK\u0130YE E-mail info@lagedo.com.tr satis@lagedo.com.tr Telephone T: +90 262 503 01 88 M: +90 535 525 66 95 Sales Team +90 535 417 23 52 +90 538 253 60 32 Working hours Monday &#8211; Friday 08:00 &#8211; 18:00 Contact Form Konu Se\u00e7inInformationQueryRequestSuggestion&#8211; ComplaintTe\u015fekk\u00fcr Send<\/p>","protected":false},"author":1,"featured_media":0,"parent":0,"menu_order":17,"comment_status":"closed","ping_status":"closed","template":"","meta":{"footnotes":""},"class_list":["post-6066","page","type-page","status-publish","hentry","cms-has-post-thumbnail"],"_links":{"self":[{"href":"https:\/\/lagedo.com.tr\/en\/wp-json\/wp\/v2\/pages\/6066","targetHints":{"allow":["GET"]}}],"collection":[{"href":"https:\/\/lagedo.com.tr\/en\/wp-json\/wp\/v2\/pages"}],"about":[{"href":"https:\/\/lagedo.com.tr\/en\/wp-json\/wp\/v2\/types\/page"}],"author":[{"embeddable":true,"href":"https:\/\/lagedo.com.tr\/en\/wp-json\/wp\/v2\/users\/1"}],"replies":[{"embeddable":true,"href":"https:\/\/lagedo.com.tr\/en\/wp-json\/wp\/v2\/comments?post=6066"}],"version-history":[{"count":13,"href":"https:\/\/lagedo.com.tr\/en\/wp-json\/wp\/v2\/pages\/6066\/revisions"}],"predecessor-version":[{"id":6269,"href":"https:\/\/lagedo.com.tr\/en\/wp-json\/wp\/v2\/pages\/6066\/revisions\/6269"}],"wp:attachment":[{"href":"https:\/\/lagedo.com.tr\/en\/wp-json\/wp\/v2\/media?parent=6066"}],"curies":[{"name":"wp","href":"https:\/\/api.w.org\/{rel}","templated":true}]}}