{"id":6077,"date":"2023-04-19T07:31:01","date_gmt":"2023-04-19T07:31:01","guid":{"rendered":"https:\/\/lagedo.com.tr\/yeni\/?page_id=6077"},"modified":"2023-06-03T09:12:17","modified_gmt":"2023-06-03T09:12:17","slug":"collaborations","status":"publish","type":"page","link":"https:\/\/lagedo.com.tr\/en\/collaborations\/","title":{"rendered":"Collaborations"},"content":{"rendered":"<div data-elementor-type=\"wp-page\" data-elementor-id=\"6077\" class=\"elementor elementor-6077\">\n\t\t\t\t\t\t\t        <section class=\"elementor-section elementor-top-section elementor-element elementor-element-a70c71e pb-80 elementor-hidden-tablet elementor-hidden-mobile elementor-section-boxed elementor-section-height-default elementor-section-height-default cms-boxed-bg-false\" data-id=\"a70c71e\" data-element_type=\"section\">\r\n\t\t\r\n\t\t<div class=\"cms-section-boxed-bg\"><\/div>        <div class=\"elementor-container elementor-column-gap-default\" >\r\n\t\t        <div class=\"elementor-column elementor-col-100 elementor-top-column elementor-element elementor-element-23c2748\" data-id=\"23c2748\" data-element_type=\"column\">\r\n        <div class=\"elementor-widget-wrap elementor-element-populated\">\r\n                        \t\t<div class=\"elementor-element elementor-element-96cddc2 cms-slick-nav-top-center cms-slick-nav-color-accent cms-teams-layout-1 cms-slick-nav-style-default elementor-widget elementor-widget-cms_teams\" data-id=\"96cddc2\" data-element_type=\"widget\" data-widget_type=\"cms_teams.default\">\n\t\t\t\t<div class=\"elementor-widget-container\">\n\t\t\t<div class=\"cms-team-slider\">\r\n    <div class=\"cms-team-slider-inner row\">\r\n        <div class=\"col-12\">\r\n                    <\/div>\r\n        <div class=\"col-12\">\r\n            <div class=\"cms-slick-sliders\">\r\n                                <div class=\"cms-slick-slider\" data-fade=\"false\" data-rows=\"1\" data-rowstablet=\"1\" data-rowsmobile=\"1\" data-arrows=\"true\" data-arrowstablet=\"false\" data-arrowsmobile=\"false\" data-dots=\"\" data-dotstablet=\"\" data-dotsmobile=\"\" data-pauseonhover=\"true\" data-autoplay=\"\" data-autoplayspeed=\"2000\" data-infinite=\"\" data-speed=\"500\" data-slidestoshow=\"4\" data-slidestoshowtablet=\"2\" data-slidestoshowmobile=\"1\" data-slidestoscroll=\"4\" data-slidestoscrolltablet=\"2\" data-slidestoscrollmobile=\"1\" data-gutter=\"15\" data-rtl=\"false\" dir=\"ltr\" data-asnavfor=\"false\" data-titlenext=\"Next\" data-titleprev=\"Prev\" style=\"margin-left:-15px;margin-right:-15px;\">\r\n                                            <div class=\"cms-team-item cms-slick-slide\" style=\"padding-left: 15px; padding-right: 15px;\">\r\n                            <div class=\"cms-team-item-inner cms-shadow-4 bg-white bg-hover-accent text-hover-white cms-radius-8 cms-transition overflow-hidden\">\r\n                                <a href=\"https:\/\/sifiratik.gov.tr\/\" target=\"_blank\" class=\"\">\r\n                                        <div class=\"cms-team-img\"><img decoding=\"async\" width=\"270\" height=\"130\" src=\"https:\/\/lagedo.com.tr\/wp-content\/uploads\/2023\/02\/Group-1.jpg\" class=\"w-100 cms-img\" alt=\"\" srcset=\"https:\/\/lagedo.com.tr\/wp-content\/uploads\/2023\/02\/Group-1.jpg 270w, https:\/\/lagedo.com.tr\/wp-content\/uploads\/2023\/02\/Group-1-18x9.jpg 18w\" sizes=\"(max-width: 270px) 100vw, 270px\" \/><\/div>                                <\/a>\r\n                                <div class=\"cms-team-info p-20 p-lg-40\">\r\n                                    <div class=\"row justify-content-between align-items-center\">\r\n                                        <div class=\"col-auto mt-n8 mb-n8\">\r\n                                            <div class=\"cms-heading text-18\">S\u0131f\u0131r At\u0131k<\/div>\r\n                                            <div class=\"text-14\"><\/div>\r\n                                        <\/div>\r\n                                        <div class=\"col-auto\">\r\n                                            <div class=\"cms-team-social\">\r\n                                                                                                        <a href=\"#\">\r\n                                                            <span class=\"fab fa-facebook-f\"><\/span>\r\n                                                        <\/a>\r\n                                                                                                            <a href=\"#\">\r\n                                                            <span class=\"fab fa-linkedin-in\"><\/span>\r\n                                                        <\/a>\r\n                                                                                                <\/div>\r\n                                        <\/div>\r\n                                    <\/div>\r\n                                <\/div>\r\n                            <\/div>\r\n                        <\/div>\r\n                                            <div class=\"cms-team-item cms-slick-slide\" style=\"padding-left: 15px; padding-right: 15px;\">\r\n                            <div class=\"cms-team-item-inner cms-shadow-4 bg-white bg-hover-accent text-hover-white cms-radius-8 cms-transition overflow-hidden\">\r\n                                <a href=\"https:\/\/www.turktay.com\/\" target=\"_blank\" class=\"\">\r\n                                        <div class=\"cms-team-img\"><img decoding=\"async\" width=\"270\" height=\"130\" src=\"https:\/\/lagedo.com.tr\/wp-content\/uploads\/2023\/02\/Group-5.jpg\" class=\"w-100 cms-img\" alt=\"\" srcset=\"https:\/\/lagedo.com.tr\/wp-content\/uploads\/2023\/02\/Group-5.jpg 270w, https:\/\/lagedo.com.tr\/wp-content\/uploads\/2023\/02\/Group-5-18x9.jpg 18w\" sizes=\"(max-width: 270px) 100vw, 270px\" \/><\/div>                                <\/a>\r\n                                <div class=\"cms-team-info p-20 p-lg-40\">\r\n                                    <div class=\"row justify-content-between align-items-center\">\r\n                                        <div class=\"col-auto mt-n8 mb-n8\">\r\n                                            <div class=\"cms-heading text-18\">T\u00fcrktay<\/div>\r\n                                            <div class=\"text-14\"><\/div>\r\n                                        <\/div>\r\n                                        <div class=\"col-auto\">\r\n                                            <div class=\"cms-team-social\">\r\n                                                                                                        <a href=\"#\">\r\n                                                            <span class=\"fab fa-facebook-f\"><\/span>\r\n                                                        <\/a>\r\n                                                                                                            <a href=\"#\">\r\n                                                            <span class=\"fab fa-twitter\"><\/span>\r\n                                                        <\/a>\r\n                                                                                                            <a href=\"#\">\r\n                                                            <span class=\"fab fa-linkedin-in\"><\/span>\r\n                                                        <\/a>\r\n                                                                                                <\/div>\r\n                                        <\/div>\r\n                                    <\/div>\r\n                                <\/div>\r\n                            <\/div>\r\n                        <\/div>\r\n                                            <div class=\"cms-team-item cms-slick-slide\" style=\"padding-left: 15px; padding-right: 15px;\">\r\n                            <div class=\"cms-team-item-inner cms-shadow-4 bg-white bg-hover-accent text-hover-white cms-radius-8 cms-transition overflow-hidden\">\r\n                                <a href=\"https:\/\/www.iremcon.com\/\" target=\"_blank\" class=\"\">\r\n                                        <div class=\"cms-team-img\"><img decoding=\"async\" width=\"270\" height=\"130\" src=\"https:\/\/lagedo.com.tr\/wp-content\/uploads\/2023\/02\/Group-6.jpg\" class=\"w-100 cms-img\" alt=\"\" srcset=\"https:\/\/lagedo.com.tr\/wp-content\/uploads\/2023\/02\/Group-6.jpg 270w, https:\/\/lagedo.com.tr\/wp-content\/uploads\/2023\/02\/Group-6-18x9.jpg 18w\" sizes=\"(max-width: 270px) 100vw, 270px\" \/><\/div>                                <\/a>\r\n                                <div class=\"cms-team-info p-20 p-lg-40\">\r\n                                    <div class=\"row justify-content-between align-items-center\">\r\n                                        <div class=\"col-auto mt-n8 mb-n8\">\r\n                                            <div class=\"cms-heading text-18\">\u0130remcon<\/div>\r\n                                            <div class=\"text-14\"><\/div>\r\n                                        <\/div>\r\n                                        <div class=\"col-auto\">\r\n                                            <div class=\"cms-team-social\">\r\n                                                                                                        <a href=\"#\">\r\n                                                            <span class=\"fab fa-facebook-f\"><\/span>\r\n                                                        <\/a>\r\n                                                                                                            <a href=\"#\">\r\n                                                            <span class=\"fab fa-twitter\"><\/span>\r\n                                                        <\/a>\r\n                                                                                                            <a href=\"#\">\r\n                                                            <span class=\"fab fa-linkedin-in\"><\/span>\r\n                                                        <\/a>\r\n                                                                                                <\/div>\r\n                                        <\/div>\r\n                                    <\/div>\r\n                                <\/div>\r\n                            <\/div>\r\n                        <\/div>\r\n                                            <div class=\"cms-team-item cms-slick-slide\" style=\"padding-left: 15px; padding-right: 15px;\">\r\n                            <div class=\"cms-team-item-inner cms-shadow-4 bg-white bg-hover-accent text-hover-white cms-radius-8 cms-transition overflow-hidden\">\r\n                                <a href=\"https:\/\/www.tayced.org\/\" target=\"_blank\" class=\"\">\r\n                                        <div class=\"cms-team-img\"><img decoding=\"async\" width=\"270\" height=\"130\" src=\"https:\/\/lagedo.com.tr\/wp-content\/uploads\/2023\/02\/Group-2.jpg\" class=\"w-100 cms-img\" alt=\"\" srcset=\"https:\/\/lagedo.com.tr\/wp-content\/uploads\/2023\/02\/Group-2.jpg 270w, https:\/\/lagedo.com.tr\/wp-content\/uploads\/2023\/02\/Group-2-18x9.jpg 18w\" sizes=\"(max-width: 270px) 100vw, 270px\" \/><\/div>                                <\/a>\r\n                                <div class=\"cms-team-info p-20 p-lg-40\">\r\n                                    <div class=\"row justify-content-between align-items-center\">\r\n                                        <div class=\"col-auto mt-n8 mb-n8\">\r\n                                            <div class=\"cms-heading text-18\">Tay\u00e7ed<\/div>\r\n                                            <div class=\"text-14\"><\/div>\r\n                                        <\/div>\r\n                                        <div class=\"col-auto\">\r\n                                            <div class=\"cms-team-social\">\r\n                                                                                                        <a href=\"#\">\r\n                                                            <span class=\"fab fa-facebook-f\"><\/span>\r\n                                                        <\/a>\r\n                                                                                                            <a href=\"#\">\r\n                                                            <span class=\"fab fa-twitter\"><\/span>\r\n                                                        <\/a>\r\n                                                                                                            <a href=\"#\">\r\n                                                            <span class=\"fab fa-linkedin-in\"><\/span>\r\n                                                        <\/a>\r\n                                                                                                <\/div>\r\n                                        <\/div>\r\n                                    <\/div>\r\n                                <\/div>\r\n                            <\/div>\r\n                        <\/div>\r\n                                    <\/div>\r\n                <div class=\"cms-slick-dots empty-none\"><\/div>\r\n                                    <div class=\"cms-slick--arrows empty-none\"><div class=\"cms-slick-arrows mt-30 empty-none\"><\/div><\/div>\r\n                            <\/div>\r\n        <\/div>\r\n    <\/div>\r\n<\/div>\r\n\t\t<\/div>\n\t\t\t\t<\/div>\n\t\t\t\t<div class=\"elementor-element elementor-element-39186bc elementor-widget elementor-widget-spacer\" data-id=\"39186bc\" data-element_type=\"widget\" data-widget_type=\"spacer.default\">\n\t\t\t\t<div class=\"elementor-widget-container\">\n\t\t\t<style>\/*! elementor - v3.17.0 - 08-11-2023 *\/\n.elementor-column .elementor-spacer-inner{height:var(--spacer-size)}.e-con{--container-widget-width:100%}.e-con-inner>.elementor-widget-spacer,.e-con>.elementor-widget-spacer{width:var(--container-widget-width,var(--spacer-size));--align-self:var(--container-widget-align-self,initial);--flex-shrink:0}.e-con-inner>.elementor-widget-spacer>.elementor-widget-container,.e-con>.elementor-widget-spacer>.elementor-widget-container{height:100%;width:100%}.e-con-inner>.elementor-widget-spacer>.elementor-widget-container>.elementor-spacer,.e-con>.elementor-widget-spacer>.elementor-widget-container>.elementor-spacer{height:100%}.e-con-inner>.elementor-widget-spacer>.elementor-widget-container>.elementor-spacer>.elementor-spacer-inner,.e-con>.elementor-widget-spacer>.elementor-widget-container>.elementor-spacer>.elementor-spacer-inner{height:var(--container-widget-height,var(--spacer-size))}.e-con-inner>.elementor-widget-spacer.elementor-widget-empty,.e-con>.elementor-widget-spacer.elementor-widget-empty{position:relative;min-height:22px;min-width:22px}.e-con-inner>.elementor-widget-spacer.elementor-widget-empty .elementor-widget-empty-icon,.e-con>.elementor-widget-spacer.elementor-widget-empty .elementor-widget-empty-icon{position:absolute;top:0;bottom:0;left:0;right:0;margin:auto;padding:0;width:22px;height:22px}<\/style>\t\t<div class=\"elementor-spacer\">\n\t\t\t<div class=\"elementor-spacer-inner\"><\/div>\n\t\t<\/div>\n\t\t\t\t<\/div>\n\t\t\t\t<\/div>\n\t\t        <\/div>\r\n        <\/div>\r\n        \t\t        <\/div>\r\n        <\/section>\r\n\t\t        <section class=\"elementor-section elementor-top-section elementor-element elementor-element-9f4d475 pb-80 elementor-hidden-desktop elementor-section-boxed elementor-section-height-default elementor-section-height-default cms-boxed-bg-false\" data-id=\"9f4d475\" data-element_type=\"section\">\r\n\t\t\r\n\t\t<div class=\"cms-section-boxed-bg\"><\/div>        <div class=\"elementor-container elementor-column-gap-default\" >\r\n\t\t        <div class=\"elementor-column elementor-col-100 elementor-top-column elementor-element elementor-element-f177e6f\" data-id=\"f177e6f\" data-element_type=\"column\">\r\n        <div class=\"elementor-widget-wrap elementor-element-populated\">\r\n                        \t\t<div class=\"elementor-element elementor-element-432e005 elementor-widget elementor-widget-image\" data-id=\"432e005\" data-element_type=\"widget\" data-widget_type=\"image.default\">\n\t\t\t\t<div class=\"elementor-widget-container\">\n\t\t\t<style>\/*! elementor - v3.17.0 - 08-11-2023 *\/\n.elementor-widget-image{text-align:center}.elementor-widget-image a{display:inline-block}.elementor-widget-image a img[src$=\".svg\"]{width:48px}.elementor-widget-image img{vertical-align:middle;display:inline-block}<\/style>\t\t\t\t\t\t\t\t\t\t\t\t<img decoding=\"async\" width=\"270\" height=\"130\" src=\"https:\/\/lagedo.com.tr\/wp-content\/uploads\/2023\/02\/Group-1.jpg\" class=\"attachment-full size-full wp-image-5005\" alt=\"\" srcset=\"https:\/\/lagedo.com.tr\/wp-content\/uploads\/2023\/02\/Group-1.jpg 270w, https:\/\/lagedo.com.tr\/wp-content\/uploads\/2023\/02\/Group-1-18x9.jpg 18w\" sizes=\"(max-width: 270px) 100vw, 270px\" \/>\t\t\t\t\t\t\t\t\t\t\t\t\t\t\t<\/div>\n\t\t\t\t<\/div>\n\t\t\t\t<div class=\"elementor-element elementor-element-3759f10 elementor-widget elementor-widget-image\" data-id=\"3759f10\" data-element_type=\"widget\" data-widget_type=\"image.default\">\n\t\t\t\t<div class=\"elementor-widget-container\">\n\t\t\t\t\t\t\t\t\t\t\t\t\t\t\t<img decoding=\"async\" width=\"270\" height=\"130\" src=\"https:\/\/lagedo.com.tr\/wp-content\/uploads\/2023\/02\/Group-5.jpg\" class=\"attachment-large size-large wp-image-5006\" alt=\"\" srcset=\"https:\/\/lagedo.com.tr\/wp-content\/uploads\/2023\/02\/Group-5.jpg 270w, https:\/\/lagedo.com.tr\/wp-content\/uploads\/2023\/02\/Group-5-18x9.jpg 18w\" sizes=\"(max-width: 270px) 100vw, 270px\" \/>\t\t\t\t\t\t\t\t\t\t\t\t\t\t\t<\/div>\n\t\t\t\t<\/div>\n\t\t\t\t<div class=\"elementor-element elementor-element-3020348 elementor-widget elementor-widget-image\" data-id=\"3020348\" data-element_type=\"widget\" data-widget_type=\"image.default\">\n\t\t\t\t<div class=\"elementor-widget-container\">\n\t\t\t\t\t\t\t\t\t\t\t\t\t\t\t<img decoding=\"async\" width=\"270\" height=\"130\" src=\"https:\/\/lagedo.com.tr\/wp-content\/uploads\/2023\/02\/Group-6.jpg\" class=\"attachment-large size-large wp-image-5008\" alt=\"\" srcset=\"https:\/\/lagedo.com.tr\/wp-content\/uploads\/2023\/02\/Group-6.jpg 270w, https:\/\/lagedo.com.tr\/wp-content\/uploads\/2023\/02\/Group-6-18x9.jpg 18w\" sizes=\"(max-width: 270px) 100vw, 270px\" \/>\t\t\t\t\t\t\t\t\t\t\t\t\t\t\t<\/div>\n\t\t\t\t<\/div>\n\t\t\t\t<div class=\"elementor-element elementor-element-a35d7d4 elementor-widget elementor-widget-image\" data-id=\"a35d7d4\" data-element_type=\"widget\" data-widget_type=\"image.default\">\n\t\t\t\t<div class=\"elementor-widget-container\">\n\t\t\t\t\t\t\t\t\t\t\t\t\t\t\t<img decoding=\"async\" width=\"270\" height=\"130\" src=\"https:\/\/lagedo.com.tr\/wp-content\/uploads\/2023\/02\/Group-2.jpg\" class=\"attachment-full size-full wp-image-5010\" alt=\"\" srcset=\"https:\/\/lagedo.com.tr\/wp-content\/uploads\/2023\/02\/Group-2.jpg 270w, https:\/\/lagedo.com.tr\/wp-content\/uploads\/2023\/02\/Group-2-18x9.jpg 18w\" sizes=\"(max-width: 270px) 100vw, 270px\" \/>\t\t\t\t\t\t\t\t\t\t\t\t\t\t\t<\/div>\n\t\t\t\t<\/div>\n\t\t        <\/div>\r\n        <\/div>\r\n        \t\t        <\/div>\r\n        <\/section>\r\n\t\t\t\t\t\t\t<\/div>","protected":false},"excerpt":{"rendered":"<p>S\u0131f\u0131r At\u0131k T\u00fcrktay \u0130remcon Tay\u00e7ed<\/p>","protected":false},"author":1,"featured_media":0,"parent":0,"menu_order":6,"comment_status":"closed","ping_status":"closed","template":"","meta":{"footnotes":""},"class_list":["post-6077","page","type-page","status-publish","hentry","cms-has-post-thumbnail"],"_links":{"self":[{"href":"https:\/\/lagedo.com.tr\/en\/wp-json\/wp\/v2\/pages\/6077","targetHints":{"allow":["GET"]}}],"collection":[{"href":"https:\/\/lagedo.com.tr\/en\/wp-json\/wp\/v2\/pages"}],"about":[{"href":"https:\/\/lagedo.com.tr\/en\/wp-json\/wp\/v2\/types\/page"}],"author":[{"embeddable":true,"href":"https:\/\/lagedo.com.tr\/en\/wp-json\/wp\/v2\/users\/1"}],"replies":[{"embeddable":true,"href":"https:\/\/lagedo.com.tr\/en\/wp-json\/wp\/v2\/comments?post=6077"}],"version-history":[{"count":11,"href":"https:\/\/lagedo.com.tr\/en\/wp-json\/wp\/v2\/pages\/6077\/revisions"}],"predecessor-version":[{"id":6457,"href":"https:\/\/lagedo.com.tr\/en\/wp-json\/wp\/v2\/pages\/6077\/revisions\/6457"}],"wp:attachment":[{"href":"https:\/\/lagedo.com.tr\/en\/wp-json\/wp\/v2\/media?parent=6077"}],"curies":[{"name":"wp","href":"https:\/\/api.w.org\/{rel}","templated":true}]}}